{"id":2589,"date":"2022-07-19T17:33:58","date_gmt":"2022-07-19T20:33:58","guid":{"rendered":"https:\/\/www.regentte.com.br\/?page_id=2589"},"modified":"2022-07-19T17:37:55","modified_gmt":"2022-07-19T20:37:55","slug":"oceano-azul","status":"publish","type":"page","link":"https:\/\/www.regentte.com.br\/index.php\/oceano-azul\/","title":{"rendered":"Oceano Azul"},"content":{"rendered":"\t\t<div data-elementor-type=\"wp-page\" data-elementor-id=\"2589\" class=\"elementor elementor-2589\">\n\t\t\t\t\t\t\t\t\t<section class=\"elementor-section elementor-top-section elementor-element elementor-element-98c8912 elementor-section-boxed elementor-section-height-default elementor-section-height-default\" data-id=\"98c8912\" data-element_type=\"section\">\n\t\t\t\t\t\t<div class=\"elementor-container elementor-column-gap-default\">\n\t\t\t\t\t<div class=\"elementor-column elementor-col-100 elementor-top-column elementor-element elementor-element-a39bfb4\" data-id=\"a39bfb4\" data-element_type=\"column\">\n\t\t\t<div class=\"elementor-widget-wrap elementor-element-populated\">\n\t\t\t\t\t\t\t\t<div class=\"elementor-element elementor-element-ce2ab1c elementor-widget elementor-widget-heading\" data-id=\"ce2ab1c\" data-element_type=\"widget\" data-widget_type=\"heading.default\">\n\t\t\t\t<div class=\"elementor-widget-container\">\n\t\t\t<style>\/*! elementor - v3.6.7 - 03-07-2022 *\/\n.elementor-heading-title{padding:0;margin:0;line-height:1}.elementor-widget-heading .elementor-heading-title[class*=elementor-size-]>a{color:inherit;font-size:inherit;line-height:inherit}.elementor-widget-heading .elementor-heading-title.elementor-size-small{font-size:15px}.elementor-widget-heading .elementor-heading-title.elementor-size-medium{font-size:19px}.elementor-widget-heading .elementor-heading-title.elementor-size-large{font-size:29px}.elementor-widget-heading .elementor-heading-title.elementor-size-xl{font-size:39px}.elementor-widget-heading .elementor-heading-title.elementor-size-xxl{font-size:59px}<\/style><h2 class=\"elementor-heading-title elementor-size-default\">Oceano Azul<\/h2>\t\t<\/div>\n\t\t\t\t<\/div>\n\t\t\t\t\t<\/div>\n\t\t<\/div>\n\t\t\t\t\t\t\t<\/div>\n\t\t<\/section>\n\t\t\t\t<section class=\"elementor-section elementor-top-section elementor-element elementor-element-61b191c elementor-section-boxed elementor-section-height-default elementor-section-height-default\" data-id=\"61b191c\" data-element_type=\"section\">\n\t\t\t\t\t\t<div class=\"elementor-container elementor-column-gap-default\">\n\t\t\t\t\t<div class=\"elementor-column elementor-col-50 elementor-top-column elementor-element elementor-element-714471b\" data-id=\"714471b\" data-element_type=\"column\">\n\t\t\t<div class=\"elementor-widget-wrap elementor-element-populated\">\n\t\t\t\t\t\t\t\t<div class=\"elementor-element elementor-element-4f3b5cd elementor-widget elementor-widget-image\" data-id=\"4f3b5cd\" data-element_type=\"widget\" data-widget_type=\"image.default\">\n\t\t\t\t<div class=\"elementor-widget-container\">\n\t\t\t<style>\/*! elementor - v3.6.7 - 03-07-2022 *\/\n.elementor-widget-image{text-align:center}.elementor-widget-image a{display:inline-block}.elementor-widget-image a img[src$=\".svg\"]{width:48px}.elementor-widget-image img{vertical-align:middle;display:inline-block}<\/style>\t\t\t\t\t\t\t\t\t\t\t\t<img loading=\"lazy\" decoding=\"async\" width=\"1200\" height=\"1725\" src=\"https:\/\/www.regentte.com.br\/wp-content\/uploads\/2022\/03\/a-estrategia-do-oceano-azul-3-1.jpg\" class=\"attachment-full size-full\" alt=\"\" srcset=\"https:\/\/www.regentte.com.br\/wp-content\/uploads\/2022\/03\/a-estrategia-do-oceano-azul-3-1.jpg 1200w, https:\/\/www.regentte.com.br\/wp-content\/uploads\/2022\/03\/a-estrategia-do-oceano-azul-3-1-209x300.jpg 209w, https:\/\/www.regentte.com.br\/wp-content\/uploads\/2022\/03\/a-estrategia-do-oceano-azul-3-1-712x1024.jpg 712w, https:\/\/www.regentte.com.br\/wp-content\/uploads\/2022\/03\/a-estrategia-do-oceano-azul-3-1-768x1104.jpg 768w, https:\/\/www.regentte.com.br\/wp-content\/uploads\/2022\/03\/a-estrategia-do-oceano-azul-3-1-1069x1536.jpg 1069w\" sizes=\"auto, (max-width: 1200px) 100vw, 1200px\" \/>\t\t\t\t\t\t\t\t\t\t\t\t\t\t\t<\/div>\n\t\t\t\t<\/div>\n\t\t\t\t\t<\/div>\n\t\t<\/div>\n\t\t\t\t<div class=\"elementor-column elementor-col-50 elementor-top-column elementor-element elementor-element-5a91249\" data-id=\"5a91249\" data-element_type=\"column\">\n\t\t\t<div class=\"elementor-widget-wrap elementor-element-populated\">\n\t\t\t\t\t\t\t\t<div class=\"elementor-element elementor-element-215a85a elementor-widget elementor-widget-text-editor\" data-id=\"215a85a\" data-element_type=\"widget\" data-widget_type=\"text-editor.default\">\n\t\t\t\t<div class=\"elementor-widget-container\">\n\t\t\t<style>\/*! elementor - v3.6.7 - 03-07-2022 *\/\n.elementor-widget-text-editor.elementor-drop-cap-view-stacked .elementor-drop-cap{background-color:#818a91;color:#fff}.elementor-widget-text-editor.elementor-drop-cap-view-framed .elementor-drop-cap{color:#818a91;border:3px solid;background-color:transparent}.elementor-widget-text-editor:not(.elementor-drop-cap-view-default) .elementor-drop-cap{margin-top:8px}.elementor-widget-text-editor:not(.elementor-drop-cap-view-default) .elementor-drop-cap-letter{width:1em;height:1em}.elementor-widget-text-editor .elementor-drop-cap{float:left;text-align:center;line-height:1;font-size:50px}.elementor-widget-text-editor .elementor-drop-cap-letter{display:inline-block}<\/style>\t\t\t\t<p>\u2018Oceano Azul\u2019 \u00e9 o oposto do vermelho, e \u00e9 uma refer\u00eancia a concorr\u00eancia sangrenta. Uma concorr\u00eancia onde todos perdem. A estrat\u00e9gia do Oceano Azul prop\u00f5e desconsiderar a concorr\u00eancia e focar nas necessidades dos clientes e n\u00e3o clientes,criando assim outros nichos e&nbsp;formas de neg\u00f3cio onde ainda n\u00e3o h\u00e1 concorr\u00eancia.<br>Exemplos de empresas famosas que utilizaram uma Matriz de Valor do conceito Oceano Azul:&nbsp;Cirque Du Soleil, Toyota, NetJet, Appele outras que n\u00e3o est\u00e3o nos livros: Uber, Youtube, etc&nbsp;\u201cA \u00fanica maneira de superar os concorrentes \u00e9 n\u00e3o mais tentar superar os concorrentes.\u201d&nbsp;\u201c\u2026..dar \u00e0s pessoas o que elas querem \u00e9 um erro crasso e desastroso. Elas n\u00e3o sabem o que&nbsp;querem&#8230; [D\u00ea-lhes] algo melhor\u201d.<\/p>\t\t\t\t\t\t<\/div>\n\t\t\t\t<\/div>\n\t\t\t\t\t<\/div>\n\t\t<\/div>\n\t\t\t\t\t\t\t<\/div>\n\t\t<\/section>\n\t\t\t\t\t\t\t<\/div>\n\t\t","protected":false},"excerpt":{"rendered":"<p>Oceano Azul \u2018Oceano Azul\u2019 \u00e9 o oposto do vermelho, e \u00e9 uma refer\u00eancia a concorr\u00eancia sangrenta. Uma concorr\u00eancia onde todos perdem. A estrat\u00e9gia do Oceano Azul prop\u00f5e desconsiderar a concorr\u00eancia e focar nas necessidades dos clientes e n\u00e3o clientes,criando assim outros nichos e&nbsp;formas de neg\u00f3cio onde ainda n\u00e3o h\u00e1 concorr\u00eancia.Exemplos de empresas famosas que utilizaram [&hellip;]<\/p>\n","protected":false},"author":1,"featured_media":0,"parent":0,"menu_order":0,"comment_status":"closed","ping_status":"closed","template":"","meta":{"site-sidebar-layout":"no-sidebar","site-content-layout":"page-builder","ast-site-content-layout":"","site-content-style":"default","site-sidebar-style":"default","ast-global-header-display":"","ast-banner-title-visibility":"","ast-main-header-display":"","ast-hfb-above-header-display":"","ast-hfb-below-header-display":"","ast-hfb-mobile-header-display":"","site-post-title":"disabled","ast-breadcrumbs-content":"","ast-featured-img":"disabled","footer-sml-layout":"","theme-transparent-header-meta":"","adv-header-id-meta":"","stick-header-meta":"","header-above-stick-meta":"","header-main-stick-meta":"","header-below-stick-meta":"","astra-migrate-meta-layouts":"default","ast-page-background-enabled":"default","ast-page-background-meta":{"desktop":{"background-color":"","background-image":"","background-repeat":"repeat","background-position":"center center","background-size":"auto","background-attachment":"scroll","background-type":"","background-media":"","overlay-type":"","overlay-color":"","overlay-opacity":"","overlay-gradient":""},"tablet":{"background-color":"","background-image":"","background-repeat":"repeat","background-position":"center center","background-size":"auto","background-attachment":"scroll","background-type":"","background-media":"","overlay-type":"","overlay-color":"","overlay-opacity":"","overlay-gradient":""},"mobile":{"background-color":"","background-image":"","background-repeat":"repeat","background-position":"center center","background-size":"auto","background-attachment":"scroll","background-type":"","background-media":"","overlay-type":"","overlay-color":"","overlay-opacity":"","overlay-gradient":""}},"ast-content-background-meta":{"desktop":{"background-color":"var(--ast-global-color-5)","background-image":"","background-repeat":"repeat","background-position":"center center","background-size":"auto","background-attachment":"scroll","background-type":"","background-media":"","overlay-type":"","overlay-color":"","overlay-opacity":"","overlay-gradient":""},"tablet":{"background-color":"var(--ast-global-color-5)","background-image":"","background-repeat":"repeat","background-position":"center center","background-size":"auto","background-attachment":"scroll","background-type":"","background-media":"","overlay-type":"","overlay-color":"","overlay-opacity":"","overlay-gradient":""},"mobile":{"background-color":"var(--ast-global-color-5)","background-image":"","background-repeat":"repeat","background-position":"center center","background-size":"auto","background-attachment":"scroll","background-type":"","background-media":"","overlay-type":"","overlay-color":"","overlay-opacity":"","overlay-gradient":""}},"footnotes":""},"class_list":["post-2589","page","type-page","status-publish","hentry"],"_links":{"self":[{"href":"https:\/\/www.regentte.com.br\/index.php\/wp-json\/wp\/v2\/pages\/2589","targetHints":{"allow":["GET"]}}],"collection":[{"href":"https:\/\/www.regentte.com.br\/index.php\/wp-json\/wp\/v2\/pages"}],"about":[{"href":"https:\/\/www.regentte.com.br\/index.php\/wp-json\/wp\/v2\/types\/page"}],"author":[{"embeddable":true,"href":"https:\/\/www.regentte.com.br\/index.php\/wp-json\/wp\/v2\/users\/1"}],"replies":[{"embeddable":true,"href":"https:\/\/www.regentte.com.br\/index.php\/wp-json\/wp\/v2\/comments?post=2589"}],"version-history":[{"count":4,"href":"https:\/\/www.regentte.com.br\/index.php\/wp-json\/wp\/v2\/pages\/2589\/revisions"}],"predecessor-version":[{"id":2595,"href":"https:\/\/www.regentte.com.br\/index.php\/wp-json\/wp\/v2\/pages\/2589\/revisions\/2595"}],"wp:attachment":[{"href":"https:\/\/www.regentte.com.br\/index.php\/wp-json\/wp\/v2\/media?parent=2589"}],"curies":[{"name":"wp","href":"https:\/\/api.w.org\/{rel}","templated":true}]}}