{"id":2591,"date":"2022-07-19T17:34:39","date_gmt":"2022-07-19T20:34:39","guid":{"rendered":"https:\/\/www.regentte.com.br\/?page_id=2591"},"modified":"2022-07-19T18:14:28","modified_gmt":"2022-07-19T21:14:28","slug":"comece-pelo-porque","status":"publish","type":"page","link":"https:\/\/www.regentte.com.br\/index.php\/comece-pelo-porque\/","title":{"rendered":"Comece Pelo Porqu\u00ea"},"content":{"rendered":"\t\t<div data-elementor-type=\"wp-page\" data-elementor-id=\"2591\" class=\"elementor elementor-2591\">\n\t\t\t\t\t\t\t\t\t<section class=\"elementor-section elementor-top-section elementor-element elementor-element-98c8912 elementor-section-boxed elementor-section-height-default elementor-section-height-default\" data-id=\"98c8912\" data-element_type=\"section\">\n\t\t\t\t\t\t<div class=\"elementor-container elementor-column-gap-default\">\n\t\t\t\t\t<div class=\"elementor-column elementor-col-100 elementor-top-column elementor-element elementor-element-a39bfb4\" data-id=\"a39bfb4\" data-element_type=\"column\">\n\t\t\t<div class=\"elementor-widget-wrap elementor-element-populated\">\n\t\t\t\t\t\t\t\t<div class=\"elementor-element elementor-element-ce2ab1c elementor-widget elementor-widget-heading\" data-id=\"ce2ab1c\" data-element_type=\"widget\" data-widget_type=\"heading.default\">\n\t\t\t\t<div class=\"elementor-widget-container\">\n\t\t\t<style>\/*! elementor - v3.6.7 - 03-07-2022 *\/\n.elementor-heading-title{padding:0;margin:0;line-height:1}.elementor-widget-heading .elementor-heading-title[class*=elementor-size-]>a{color:inherit;font-size:inherit;line-height:inherit}.elementor-widget-heading .elementor-heading-title.elementor-size-small{font-size:15px}.elementor-widget-heading .elementor-heading-title.elementor-size-medium{font-size:19px}.elementor-widget-heading .elementor-heading-title.elementor-size-large{font-size:29px}.elementor-widget-heading .elementor-heading-title.elementor-size-xl{font-size:39px}.elementor-widget-heading .elementor-heading-title.elementor-size-xxl{font-size:59px}<\/style><h2 class=\"elementor-heading-title elementor-size-default\">Comece Pelo Porqu\u00ea<\/h2>\t\t<\/div>\n\t\t\t\t<\/div>\n\t\t\t\t\t<\/div>\n\t\t<\/div>\n\t\t\t\t\t\t\t<\/div>\n\t\t<\/section>\n\t\t\t\t<section class=\"elementor-section elementor-top-section elementor-element elementor-element-61b191c elementor-section-boxed elementor-section-height-default elementor-section-height-default\" data-id=\"61b191c\" data-element_type=\"section\">\n\t\t\t\t\t\t<div class=\"elementor-container elementor-column-gap-default\">\n\t\t\t\t\t<div class=\"elementor-column elementor-col-50 elementor-top-column elementor-element elementor-element-714471b\" data-id=\"714471b\" data-element_type=\"column\">\n\t\t\t<div class=\"elementor-widget-wrap elementor-element-populated\">\n\t\t\t\t\t\t\t\t<div class=\"elementor-element elementor-element-4f3b5cd elementor-widget elementor-widget-image\" data-id=\"4f3b5cd\" data-element_type=\"widget\" data-widget_type=\"image.default\">\n\t\t\t\t<div class=\"elementor-widget-container\">\n\t\t\t<style>\/*! elementor - v3.6.7 - 03-07-2022 *\/\n.elementor-widget-image{text-align:center}.elementor-widget-image a{display:inline-block}.elementor-widget-image a img[src$=\".svg\"]{width:48px}.elementor-widget-image img{vertical-align:middle;display:inline-block}<\/style>\t\t\t\t\t\t\t\t\t\t\t\t<img loading=\"lazy\" decoding=\"async\" width=\"1781\" height=\"2560\" src=\"https:\/\/www.regentte.com.br\/wp-content\/uploads\/2022\/03\/71M6czhxmTL-2.jpg\" class=\"attachment-full size-full\" alt=\"\" srcset=\"https:\/\/www.regentte.com.br\/wp-content\/uploads\/2022\/03\/71M6czhxmTL-2.jpg 1781w, https:\/\/www.regentte.com.br\/wp-content\/uploads\/2022\/03\/71M6czhxmTL-2-209x300.jpg 209w, https:\/\/www.regentte.com.br\/wp-content\/uploads\/2022\/03\/71M6czhxmTL-2-712x1024.jpg 712w, https:\/\/www.regentte.com.br\/wp-content\/uploads\/2022\/03\/71M6czhxmTL-2-768x1104.jpg 768w, https:\/\/www.regentte.com.br\/wp-content\/uploads\/2022\/03\/71M6czhxmTL-2-1069x1536.jpg 1069w, https:\/\/www.regentte.com.br\/wp-content\/uploads\/2022\/03\/71M6czhxmTL-2-1425x2048.jpg 1425w\" sizes=\"auto, (max-width: 1781px) 100vw, 1781px\" \/>\t\t\t\t\t\t\t\t\t\t\t\t\t\t\t<\/div>\n\t\t\t\t<\/div>\n\t\t\t\t\t<\/div>\n\t\t<\/div>\n\t\t\t\t<div class=\"elementor-column elementor-col-50 elementor-top-column elementor-element elementor-element-5a91249\" data-id=\"5a91249\" data-element_type=\"column\">\n\t\t\t<div class=\"elementor-widget-wrap elementor-element-populated\">\n\t\t\t\t\t\t\t\t<div class=\"elementor-element elementor-element-215a85a elementor-widget elementor-widget-text-editor\" data-id=\"215a85a\" data-element_type=\"widget\" data-widget_type=\"text-editor.default\">\n\t\t\t\t<div class=\"elementor-widget-container\">\n\t\t\t<style>\/*! elementor - v3.6.7 - 03-07-2022 *\/\n.elementor-widget-text-editor.elementor-drop-cap-view-stacked .elementor-drop-cap{background-color:#818a91;color:#fff}.elementor-widget-text-editor.elementor-drop-cap-view-framed .elementor-drop-cap{color:#818a91;border:3px solid;background-color:transparent}.elementor-widget-text-editor:not(.elementor-drop-cap-view-default) .elementor-drop-cap{margin-top:8px}.elementor-widget-text-editor:not(.elementor-drop-cap-view-default) .elementor-drop-cap-letter{width:1em;height:1em}.elementor-widget-text-editor .elementor-drop-cap{float:left;text-align:center;line-height:1;font-size:50px}.elementor-widget-text-editor .elementor-drop-cap-letter{display:inline-block}<\/style>\t\t\t\t<p>Em \u2018Comece pelo Porqu\u00ea\u2019, Simon Sinek nos apresenta um guia de como identificar e comunicar o&nbsp;<span style=\"font-style: inherit; font-weight: inherit; background-color: var(--ast-global-color-4);\">prop\u00f3sito das empresas e pessoas. Assim como em seus v\u00eddeos falamos sobre o c\u00edrculo dourado.<\/span><\/p>\n<p>De dentro para fora: Por qu\u00ea? \u2013 Como? \u2013 O qu\u00ea?<\/p>\n<p>Como inspirar pessoas e como ter um prop\u00f3sito bem definido para atrair os semelhantes. Para as&nbsp;<span style=\"font-style: inherit; font-weight: inherit; background-color: var(--ast-global-color-4);\">empresas isso funciona para clientes e para colaboradores.<\/span><\/p>\n<p>\u201cNeste livro voc\u00ea ver\u00e1 como pensam, agem e se comunicam os l\u00edderes que exercem a maior&nbsp;<span style=\"font-style: inherit; font-weight: inherit; background-color: var(--ast-global-color-4);\">influ\u00eancia, e tamb\u00e9m descobrir\u00e1 um modelo a partir do qual as pessoas podem ser inspiradas,&nbsp;<\/span><span style=\"font-style: inherit; font-weight: inherit; background-color: var(--ast-global-color-4);\">movimentos podem ser criados e organiza\u00e7\u00f5es, constru\u00eddas. E tudo isso come\u00e7a pelo porqu\u00ea.\u201d<\/span><\/p>\t\t\t\t\t\t<\/div>\n\t\t\t\t<\/div>\n\t\t\t\t\t<\/div>\n\t\t<\/div>\n\t\t\t\t\t\t\t<\/div>\n\t\t<\/section>\n\t\t\t\t\t\t\t<\/div>\n\t\t","protected":false},"excerpt":{"rendered":"<p>Comece Pelo Porqu\u00ea Em \u2018Comece pelo Porqu\u00ea\u2019, Simon Sinek nos apresenta um guia de como identificar e comunicar o&nbsp;prop\u00f3sito das empresas e pessoas. Assim como em seus v\u00eddeos falamos sobre o c\u00edrculo dourado. De dentro para fora: Por qu\u00ea? \u2013 Como? \u2013 O qu\u00ea? Como inspirar pessoas e como ter um prop\u00f3sito bem definido para [&hellip;]<\/p>\n","protected":false},"author":1,"featured_media":0,"parent":0,"menu_order":0,"comment_status":"closed","ping_status":"closed","template":"","meta":{"site-sidebar-layout":"no-sidebar","site-content-layout":"page-builder","ast-site-content-layout":"","site-content-style":"default","site-sidebar-style":"default","ast-global-header-display":"","ast-banner-title-visibility":"","ast-main-header-display":"","ast-hfb-above-header-display":"","ast-hfb-below-header-display":"","ast-hfb-mobile-header-display":"","site-post-title":"disabled","ast-breadcrumbs-content":"","ast-featured-img":"disabled","footer-sml-layout":"","theme-transparent-header-meta":"","adv-header-id-meta":"","stick-header-meta":"","header-above-stick-meta":"","header-main-stick-meta":"","header-below-stick-meta":"","astra-migrate-meta-layouts":"default","ast-page-background-enabled":"default","ast-page-background-meta":{"desktop":{"background-color":"","background-image":"","background-repeat":"repeat","background-position":"center center","background-size":"auto","background-attachment":"scroll","background-type":"","background-media":"","overlay-type":"","overlay-color":"","overlay-opacity":"","overlay-gradient":""},"tablet":{"background-color":"","background-image":"","background-repeat":"repeat","background-position":"center center","background-size":"auto","background-attachment":"scroll","background-type":"","background-media":"","overlay-type":"","overlay-color":"","overlay-opacity":"","overlay-gradient":""},"mobile":{"background-color":"","background-image":"","background-repeat":"repeat","background-position":"center center","background-size":"auto","background-attachment":"scroll","background-type":"","background-media":"","overlay-type":"","overlay-color":"","overlay-opacity":"","overlay-gradient":""}},"ast-content-background-meta":{"desktop":{"background-color":"var(--ast-global-color-5)","background-image":"","background-repeat":"repeat","background-position":"center center","background-size":"auto","background-attachment":"scroll","background-type":"","background-media":"","overlay-type":"","overlay-color":"","overlay-opacity":"","overlay-gradient":""},"tablet":{"background-color":"var(--ast-global-color-5)","background-image":"","background-repeat":"repeat","background-position":"center center","background-size":"auto","background-attachment":"scroll","background-type":"","background-media":"","overlay-type":"","overlay-color":"","overlay-opacity":"","overlay-gradient":""},"mobile":{"background-color":"var(--ast-global-color-5)","background-image":"","background-repeat":"repeat","background-position":"center center","background-size":"auto","background-attachment":"scroll","background-type":"","background-media":"","overlay-type":"","overlay-color":"","overlay-opacity":"","overlay-gradient":""}},"footnotes":""},"class_list":["post-2591","page","type-page","status-publish","hentry"],"_links":{"self":[{"href":"https:\/\/www.regentte.com.br\/index.php\/wp-json\/wp\/v2\/pages\/2591","targetHints":{"allow":["GET"]}}],"collection":[{"href":"https:\/\/www.regentte.com.br\/index.php\/wp-json\/wp\/v2\/pages"}],"about":[{"href":"https:\/\/www.regentte.com.br\/index.php\/wp-json\/wp\/v2\/types\/page"}],"author":[{"embeddable":true,"href":"https:\/\/www.regentte.com.br\/index.php\/wp-json\/wp\/v2\/users\/1"}],"replies":[{"embeddable":true,"href":"https:\/\/www.regentte.com.br\/index.php\/wp-json\/wp\/v2\/comments?post=2591"}],"version-history":[{"count":7,"href":"https:\/\/www.regentte.com.br\/index.php\/wp-json\/wp\/v2\/pages\/2591\/revisions"}],"predecessor-version":[{"id":2675,"href":"https:\/\/www.regentte.com.br\/index.php\/wp-json\/wp\/v2\/pages\/2591\/revisions\/2675"}],"wp:attachment":[{"href":"https:\/\/www.regentte.com.br\/index.php\/wp-json\/wp\/v2\/media?parent=2591"}],"curies":[{"name":"wp","href":"https:\/\/api.w.org\/{rel}","templated":true}]}}