{"id":2613,"date":"2022-07-19T17:45:29","date_gmt":"2022-07-19T20:45:29","guid":{"rendered":"https:\/\/www.regentte.com.br\/?page_id=2613"},"modified":"2022-07-19T18:18:51","modified_gmt":"2022-07-19T21:18:51","slug":"uma-breve-historia-da-humanidade-sapiens","status":"publish","type":"page","link":"https:\/\/www.regentte.com.br\/index.php\/uma-breve-historia-da-humanidade-sapiens\/","title":{"rendered":"Uma Breve Hist\u00f3ria da Humanidade"},"content":{"rendered":"\t\t<div data-elementor-type=\"wp-page\" data-elementor-id=\"2613\" class=\"elementor elementor-2613\">\n\t\t\t\t\t\t\t\t\t<section class=\"elementor-section elementor-top-section elementor-element elementor-element-98c8912 elementor-section-boxed elementor-section-height-default elementor-section-height-default\" data-id=\"98c8912\" data-element_type=\"section\">\n\t\t\t\t\t\t<div class=\"elementor-container elementor-column-gap-default\">\n\t\t\t\t\t<div class=\"elementor-column elementor-col-100 elementor-top-column elementor-element elementor-element-a39bfb4\" data-id=\"a39bfb4\" data-element_type=\"column\">\n\t\t\t<div class=\"elementor-widget-wrap elementor-element-populated\">\n\t\t\t\t\t\t\t\t<div class=\"elementor-element elementor-element-ce2ab1c elementor-widget elementor-widget-heading\" data-id=\"ce2ab1c\" data-element_type=\"widget\" data-widget_type=\"heading.default\">\n\t\t\t\t<div class=\"elementor-widget-container\">\n\t\t\t<style>\/*! elementor - v3.6.7 - 03-07-2022 *\/\n.elementor-heading-title{padding:0;margin:0;line-height:1}.elementor-widget-heading .elementor-heading-title[class*=elementor-size-]>a{color:inherit;font-size:inherit;line-height:inherit}.elementor-widget-heading .elementor-heading-title.elementor-size-small{font-size:15px}.elementor-widget-heading .elementor-heading-title.elementor-size-medium{font-size:19px}.elementor-widget-heading .elementor-heading-title.elementor-size-large{font-size:29px}.elementor-widget-heading .elementor-heading-title.elementor-size-xl{font-size:39px}.elementor-widget-heading .elementor-heading-title.elementor-size-xxl{font-size:59px}<\/style><h2 class=\"elementor-heading-title elementor-size-default\">Sapiens<\/h2>\t\t<\/div>\n\t\t\t\t<\/div>\n\t\t\t\t\t<\/div>\n\t\t<\/div>\n\t\t\t\t\t\t\t<\/div>\n\t\t<\/section>\n\t\t\t\t<section class=\"elementor-section elementor-top-section elementor-element elementor-element-61b191c elementor-section-boxed elementor-section-height-default elementor-section-height-default\" data-id=\"61b191c\" data-element_type=\"section\">\n\t\t\t\t\t\t<div class=\"elementor-container elementor-column-gap-default\">\n\t\t\t\t\t<div class=\"elementor-column elementor-col-50 elementor-top-column elementor-element elementor-element-714471b\" data-id=\"714471b\" data-element_type=\"column\">\n\t\t\t<div class=\"elementor-widget-wrap elementor-element-populated\">\n\t\t\t\t\t\t\t\t<div class=\"elementor-element elementor-element-4f3b5cd elementor-widget elementor-widget-image\" data-id=\"4f3b5cd\" data-element_type=\"widget\" data-widget_type=\"image.default\">\n\t\t\t\t<div class=\"elementor-widget-container\">\n\t\t\t<style>\/*! elementor - v3.6.7 - 03-07-2022 *\/\n.elementor-widget-image{text-align:center}.elementor-widget-image a{display:inline-block}.elementor-widget-image a img[src$=\".svg\"]{width:48px}.elementor-widget-image img{vertical-align:middle;display:inline-block}<\/style>\t\t\t\t\t\t\t\t\t\t\t\t<img loading=\"lazy\" decoding=\"async\" width=\"1797\" height=\"2560\" src=\"https:\/\/www.regentte.com.br\/wp-content\/uploads\/2022\/03\/sapiens_capa_dura_9788525434593_hd-1-scaled.jpg\" class=\"attachment-full size-full\" alt=\"\" srcset=\"https:\/\/www.regentte.com.br\/wp-content\/uploads\/2022\/03\/sapiens_capa_dura_9788525434593_hd-1-scaled.jpg 1797w, https:\/\/www.regentte.com.br\/wp-content\/uploads\/2022\/03\/sapiens_capa_dura_9788525434593_hd-1-211x300.jpg 211w, https:\/\/www.regentte.com.br\/wp-content\/uploads\/2022\/03\/sapiens_capa_dura_9788525434593_hd-1-719x1024.jpg 719w, https:\/\/www.regentte.com.br\/wp-content\/uploads\/2022\/03\/sapiens_capa_dura_9788525434593_hd-1-768x1094.jpg 768w, https:\/\/www.regentte.com.br\/wp-content\/uploads\/2022\/03\/sapiens_capa_dura_9788525434593_hd-1-1078x1536.jpg 1078w, https:\/\/www.regentte.com.br\/wp-content\/uploads\/2022\/03\/sapiens_capa_dura_9788525434593_hd-1-1438x2048.jpg 1438w\" sizes=\"auto, (max-width: 1797px) 100vw, 1797px\" \/>\t\t\t\t\t\t\t\t\t\t\t\t\t\t\t<\/div>\n\t\t\t\t<\/div>\n\t\t\t\t\t<\/div>\n\t\t<\/div>\n\t\t\t\t<div class=\"elementor-column elementor-col-50 elementor-top-column elementor-element elementor-element-5a91249\" data-id=\"5a91249\" data-element_type=\"column\">\n\t\t\t<div class=\"elementor-widget-wrap elementor-element-populated\">\n\t\t\t\t\t\t\t\t<div class=\"elementor-element elementor-element-215a85a elementor-widget elementor-widget-text-editor\" data-id=\"215a85a\" data-element_type=\"widget\" data-widget_type=\"text-editor.default\">\n\t\t\t\t<div class=\"elementor-widget-container\">\n\t\t\t<style>\/*! elementor - v3.6.7 - 03-07-2022 *\/\n.elementor-widget-text-editor.elementor-drop-cap-view-stacked .elementor-drop-cap{background-color:#818a91;color:#fff}.elementor-widget-text-editor.elementor-drop-cap-view-framed .elementor-drop-cap{color:#818a91;border:3px solid;background-color:transparent}.elementor-widget-text-editor:not(.elementor-drop-cap-view-default) .elementor-drop-cap{margin-top:8px}.elementor-widget-text-editor:not(.elementor-drop-cap-view-default) .elementor-drop-cap-letter{width:1em;height:1em}.elementor-widget-text-editor .elementor-drop-cap{float:left;text-align:center;line-height:1;font-size:50px}.elementor-widget-text-editor .elementor-drop-cap-letter{display:inline-block}<\/style>\t\t\t\t<p>\u2018Uma breve hist\u00f3ria da humanidade \u2013 Sapiens\u2019, conta a hist\u00f3ria da Humanidade, de como&nbsp;<span style=\"font-style: inherit; font-weight: inherit; background-color: var(--ast-global-color-4);\">chegamos at\u00e9 aqui, sem romantizar. Aborda as fases da evolu\u00e7\u00e3o humana e como constru\u00edmos&nbsp;<\/span><span style=\"font-style: inherit; font-weight: inherit; background-color: var(--ast-global-color-4);\">nossa hist\u00f3ria. O que esclarece muito sobre fatos e comportamentos contempor\u00e2neos. Com&nbsp;<\/span><span style=\"font-style: inherit; font-weight: inherit; background-color: var(--ast-global-color-4);\">certeza n\u00e3o somos os mocinhos desta hist\u00f3ria.<\/span><\/p>\n<p>\u201cExplica que o capitalismo \u00e9 a mais bem sucedida religi\u00e3o; que o imperialismo \u00e9 o sistema pol\u00edtico&nbsp;<span style=\"font-style: inherit; font-weight: inherit; background-color: var(--ast-global-color-4);\">mais lucrativo que n\u00f3s, humanos modernos, embora sejamos muito mais poderosos que nossos&nbsp;<\/span><span style=\"font-style: inherit; font-weight: inherit; background-color: var(--ast-global-color-4);\">ancestrais, provavelmente n\u00e3o somos mais felizes.\u201d<\/span><\/p>\n<p>Este livro n\u00e3o tem a ver com Gest\u00e3o ou estrat\u00e9gia empresarial, mas trata de pessoas que s\u00e3o a&nbsp;<span style=\"font-style: inherit; font-weight: inherit; background-color: var(--ast-global-color-4);\">base para todas as constru\u00e7\u00f5es.<\/span><\/p>\t\t\t\t\t\t<\/div>\n\t\t\t\t<\/div>\n\t\t\t\t\t<\/div>\n\t\t<\/div>\n\t\t\t\t\t\t\t<\/div>\n\t\t<\/section>\n\t\t\t\t\t\t\t<\/div>\n\t\t","protected":false},"excerpt":{"rendered":"<p>Sapiens \u2018Uma breve hist\u00f3ria da humanidade \u2013 Sapiens\u2019, conta a hist\u00f3ria da Humanidade, de como&nbsp;chegamos at\u00e9 aqui, sem romantizar. Aborda as fases da evolu\u00e7\u00e3o humana e como constru\u00edmos&nbsp;nossa hist\u00f3ria. O que esclarece muito sobre fatos e comportamentos contempor\u00e2neos. Com&nbsp;certeza n\u00e3o somos os mocinhos desta hist\u00f3ria. \u201cExplica que o capitalismo \u00e9 a mais bem sucedida religi\u00e3o; [&hellip;]<\/p>\n","protected":false},"author":1,"featured_media":0,"parent":0,"menu_order":0,"comment_status":"closed","ping_status":"closed","template":"","meta":{"site-sidebar-layout":"no-sidebar","site-content-layout":"page-builder","ast-site-content-layout":"","site-content-style":"default","site-sidebar-style":"default","ast-global-header-display":"","ast-banner-title-visibility":"","ast-main-header-display":"","ast-hfb-above-header-display":"","ast-hfb-below-header-display":"","ast-hfb-mobile-header-display":"","site-post-title":"disabled","ast-breadcrumbs-content":"","ast-featured-img":"disabled","footer-sml-layout":"","theme-transparent-header-meta":"","adv-header-id-meta":"","stick-header-meta":"","header-above-stick-meta":"","header-main-stick-meta":"","header-below-stick-meta":"","astra-migrate-meta-layouts":"default","ast-page-background-enabled":"default","ast-page-background-meta":{"desktop":{"background-color":"","background-image":"","background-repeat":"repeat","background-position":"center center","background-size":"auto","background-attachment":"scroll","background-type":"","background-media":"","overlay-type":"","overlay-color":"","overlay-opacity":"","overlay-gradient":""},"tablet":{"background-color":"","background-image":"","background-repeat":"repeat","background-position":"center center","background-size":"auto","background-attachment":"scroll","background-type":"","background-media":"","overlay-type":"","overlay-color":"","overlay-opacity":"","overlay-gradient":""},"mobile":{"background-color":"","background-image":"","background-repeat":"repeat","background-position":"center center","background-size":"auto","background-attachment":"scroll","background-type":"","background-media":"","overlay-type":"","overlay-color":"","overlay-opacity":"","overlay-gradient":""}},"ast-content-background-meta":{"desktop":{"background-color":"var(--ast-global-color-5)","background-image":"","background-repeat":"repeat","background-position":"center center","background-size":"auto","background-attachment":"scroll","background-type":"","background-media":"","overlay-type":"","overlay-color":"","overlay-opacity":"","overlay-gradient":""},"tablet":{"background-color":"var(--ast-global-color-5)","background-image":"","background-repeat":"repeat","background-position":"center center","background-size":"auto","background-attachment":"scroll","background-type":"","background-media":"","overlay-type":"","overlay-color":"","overlay-opacity":"","overlay-gradient":""},"mobile":{"background-color":"var(--ast-global-color-5)","background-image":"","background-repeat":"repeat","background-position":"center center","background-size":"auto","background-attachment":"scroll","background-type":"","background-media":"","overlay-type":"","overlay-color":"","overlay-opacity":"","overlay-gradient":""}},"footnotes":""},"class_list":["post-2613","page","type-page","status-publish","hentry"],"_links":{"self":[{"href":"https:\/\/www.regentte.com.br\/index.php\/wp-json\/wp\/v2\/pages\/2613","targetHints":{"allow":["GET"]}}],"collection":[{"href":"https:\/\/www.regentte.com.br\/index.php\/wp-json\/wp\/v2\/pages"}],"about":[{"href":"https:\/\/www.regentte.com.br\/index.php\/wp-json\/wp\/v2\/types\/page"}],"author":[{"embeddable":true,"href":"https:\/\/www.regentte.com.br\/index.php\/wp-json\/wp\/v2\/users\/1"}],"replies":[{"embeddable":true,"href":"https:\/\/www.regentte.com.br\/index.php\/wp-json\/wp\/v2\/comments?post=2613"}],"version-history":[{"count":15,"href":"https:\/\/www.regentte.com.br\/index.php\/wp-json\/wp\/v2\/pages\/2613\/revisions"}],"predecessor-version":[{"id":2684,"href":"https:\/\/www.regentte.com.br\/index.php\/wp-json\/wp\/v2\/pages\/2613\/revisions\/2684"}],"wp:attachment":[{"href":"https:\/\/www.regentte.com.br\/index.php\/wp-json\/wp\/v2\/media?parent=2613"}],"curies":[{"name":"wp","href":"https:\/\/api.w.org\/{rel}","templated":true}]}}