{"id":851,"date":"2020-02-01T18:59:40","date_gmt":"2020-02-01T21:59:40","guid":{"rendered":"https:\/\/www.regentte.com.br\/index.php\/about-us\/"},"modified":"2024-02-08T20:09:48","modified_gmt":"2024-02-08T23:09:48","slug":"manifesto","status":"publish","type":"page","link":"https:\/\/www.regentte.com.br\/index.php\/manifesto\/","title":{"rendered":"Manifesto"},"content":{"rendered":"\t\t<div data-elementor-type=\"wp-page\" data-elementor-id=\"851\" class=\"elementor elementor-851\">\n\t\t\t\t\t\t\t\t\t<section class=\"elementor-section elementor-top-section elementor-element elementor-element-6ff2ff7 elementor-section-boxed elementor-section-height-default elementor-section-height-default\" data-id=\"6ff2ff7\" data-element_type=\"section\" data-settings=\"{&quot;background_background&quot;:&quot;classic&quot;}\">\n\t\t\t\t\t\t\t<div class=\"elementor-background-overlay\"><\/div>\n\t\t\t\t\t\t\t<div class=\"elementor-container elementor-column-gap-no\">\n\t\t\t\t\t<div class=\"elementor-column elementor-col-100 elementor-top-column elementor-element elementor-element-d4acc06\" data-id=\"d4acc06\" data-element_type=\"column\">\n\t\t\t<div class=\"elementor-widget-wrap elementor-element-populated\">\n\t\t\t\t\t\t\t\t<div class=\"elementor-element elementor-element-bee4950 elementor-widget elementor-widget-heading\" data-id=\"bee4950\" data-element_type=\"widget\" data-widget_type=\"heading.default\">\n\t\t\t\t<div class=\"elementor-widget-container\">\n\t\t\t<style>\/*! elementor - v3.6.7 - 03-07-2022 *\/\n.elementor-heading-title{padding:0;margin:0;line-height:1}.elementor-widget-heading .elementor-heading-title[class*=elementor-size-]>a{color:inherit;font-size:inherit;line-height:inherit}.elementor-widget-heading .elementor-heading-title.elementor-size-small{font-size:15px}.elementor-widget-heading .elementor-heading-title.elementor-size-medium{font-size:19px}.elementor-widget-heading .elementor-heading-title.elementor-size-large{font-size:29px}.elementor-widget-heading .elementor-heading-title.elementor-size-xl{font-size:39px}.elementor-widget-heading .elementor-heading-title.elementor-size-xxl{font-size:59px}<\/style><h1 class=\"elementor-heading-title elementor-size-default\">Nosso<br>Manifesto<\/h1>\t\t<\/div>\n\t\t\t\t<\/div>\n\t\t\t\t\t<\/div>\n\t\t<\/div>\n\t\t\t\t\t\t\t<\/div>\n\t\t<\/section>\n\t\t\t\t<section class=\"elementor-section elementor-top-section elementor-element elementor-element-a26176a elementor-section-boxed elementor-section-height-default elementor-section-height-default\" data-id=\"a26176a\" data-element_type=\"section\" data-settings=\"{&quot;background_background&quot;:&quot;classic&quot;}\">\n\t\t\t\t\t\t<div class=\"elementor-container elementor-column-gap-no\">\n\t\t\t\t\t<div class=\"elementor-column elementor-col-33 elementor-top-column elementor-element elementor-element-c927f23\" data-id=\"c927f23\" data-element_type=\"column\">\n\t\t\t<div class=\"elementor-widget-wrap elementor-element-populated\">\n\t\t\t\t\t\t\t\t\t<\/div>\n\t\t<\/div>\n\t\t\t\t<div class=\"elementor-column elementor-col-66 elementor-top-column elementor-element elementor-element-61ca281\" data-id=\"61ca281\" data-element_type=\"column\">\n\t\t\t<div class=\"elementor-widget-wrap elementor-element-populated\">\n\t\t\t\t\t\t\t\t<div class=\"elementor-element elementor-element-973ddb1 elementor-widget elementor-widget-heading\" data-id=\"973ddb1\" data-element_type=\"widget\" data-widget_type=\"heading.default\">\n\t\t\t\t<div class=\"elementor-widget-container\">\n\t\t\t<h3 class=\"elementor-heading-title elementor-size-default\">\"As pessoas s\u00e3o a base para todas as constru\u00e7\u00f5es.\"<\/h3>\t\t<\/div>\n\t\t\t\t<\/div>\n\t\t\t\t<div class=\"elementor-element elementor-element-017fbce elementor-widget elementor-widget-text-editor\" data-id=\"017fbce\" data-element_type=\"widget\" data-widget_type=\"text-editor.default\">\n\t\t\t\t<div class=\"elementor-widget-container\">\n\t\t\t<style>\/*! elementor - v3.6.7 - 03-07-2022 *\/\n.elementor-widget-text-editor.elementor-drop-cap-view-stacked .elementor-drop-cap{background-color:#818a91;color:#fff}.elementor-widget-text-editor.elementor-drop-cap-view-framed .elementor-drop-cap{color:#818a91;border:3px solid;background-color:transparent}.elementor-widget-text-editor:not(.elementor-drop-cap-view-default) .elementor-drop-cap{margin-top:8px}.elementor-widget-text-editor:not(.elementor-drop-cap-view-default) .elementor-drop-cap-letter{width:1em;height:1em}.elementor-widget-text-editor .elementor-drop-cap{float:left;text-align:center;line-height:1;font-size:50px}.elementor-widget-text-editor .elementor-drop-cap-letter{display:inline-block}<\/style>\t\t\t\t<p>Viemos nesse mundo com um prop\u00f3sito. Para alguns, isso se revela de forma l\u00edmpida, desde sempre. Para outros \u00e9 uma evolu\u00e7\u00e3o e uma busca, que faz com que a trajet\u00f3ria se torne esse <b>prop\u00f3sito<\/b>.<\/p>\n<p>Na verdade, somos seres passageiros. Vivemos, por instantes, em um mundo em constante transforma\u00e7\u00e3o e, nesse curto intervalo, queremos deixar nosso legado para quem nos precede.<\/p>\n<p>A vontade de deixar uma marca \u00e9 mais presente no mundo corporativo. \u00c9 nesse universo que surge a&nbsp;<span style=\"font-weight: bold;\">Regentte<\/span>.<\/p>\n<p>Somos uma organiza\u00e7\u00e3o coletiva, que soma um conjunto de esfor\u00e7os, talentos e pessoas para alavancar <b>neg\u00f3cios em harmonia<\/b>.<\/p>\n<p>Somos muitos. Mesmo assim, somos \u00daNICOS! Regendo com nossa batuta, queremos tocar na alma de cada empresa e despertar o que h\u00e1 de melhor no DNA de cada marca.<\/p>\n<p>Somos <b>Regentte<\/b>&nbsp;porque acreditamos que a soma de esfor\u00e7os faz com que tudo funcione como m\u00fasica: Intensa. Profunda. Tocante.<\/p>\n<p>Somos <b>a Regentte<\/b>, porqu\u00ea:<\/p>\n<p>&#8211; Em uma sociedade que precisa cooperar para evoluir, acreditamos no poder transformador que as empresas possuem.<\/p>\n<p>&#8211; Nos unimos \u00e0s corpora\u00e7\u00f5es para achar o <b>tom, harmonizar<\/b>&nbsp;prop\u00f3sitos e <b>tocar<\/b>&nbsp;cada instrumento de forma afinada, de acordo com a <b>partitura da m\u00fasica<\/b>&nbsp;que cada organiza\u00e7\u00e3o se prop\u00f5e a tocar.<\/p>\n<p>Nossa cren\u00e7a \u00e9 nas pessoas, no talento, em aproveitar todo o potencial dispon\u00edvel para que cada organiza\u00e7\u00e3o tenha o m\u00e1ximo de retorno. Temos a convic\u00e7\u00e3o de que sempre h\u00e1 algo novo a aprender e a aplicar na constru\u00e7\u00e3o de todo e qualquer neg\u00f3cio.<\/p>\n<p>Acreditamos na for\u00e7a motriz que s\u00e3o as empresas e em suas capacidades de transformar o mundo em um lugar melhor para viver e para deixar como legado.<\/p>\n<p>Somos a<b> Regentte&nbsp;<\/b>e queremos construir em conjunto um novo futuro para o seu neg\u00f3cio. Vamos juntos!?<\/p>\t\t\t\t\t\t<\/div>\n\t\t\t\t<\/div>\n\t\t\t\t\t<\/div>\n\t\t<\/div>\n\t\t\t\t\t\t\t<\/div>\n\t\t<\/section>\n\t\t\t\t\t\t\t<\/div>\n\t\t","protected":false},"excerpt":{"rendered":"<p>NossoManifesto &#8220;As pessoas s\u00e3o a base para todas as constru\u00e7\u00f5es.&#8221; Viemos nesse mundo com um prop\u00f3sito. Para alguns, isso se revela de forma l\u00edmpida, desde sempre. Para outros \u00e9 uma evolu\u00e7\u00e3o e uma busca, que faz com que a trajet\u00f3ria se torne esse prop\u00f3sito. Na verdade, somos seres passageiros. Vivemos, por instantes, em um mundo [&hellip;]<\/p>\n","protected":false},"author":1,"featured_media":0,"parent":0,"menu_order":0,"comment_status":"closed","ping_status":"closed","template":"","meta":{"site-sidebar-layout":"no-sidebar","site-content-layout":"page-builder","ast-site-content-layout":"","site-content-style":"default","site-sidebar-style":"default","ast-global-header-display":"","ast-banner-title-visibility":"","ast-main-header-display":"","ast-hfb-above-header-display":"","ast-hfb-below-header-display":"","ast-hfb-mobile-header-display":"","site-post-title":"disabled","ast-breadcrumbs-content":"disabled","ast-featured-img":"disabled","footer-sml-layout":"","theme-transparent-header-meta":"enabled","adv-header-id-meta":"","stick-header-meta":"","header-above-stick-meta":"","header-main-stick-meta":"","header-below-stick-meta":"","astra-migrate-meta-layouts":"default","ast-page-background-enabled":"default","ast-page-background-meta":{"desktop":{"background-color":"","background-image":"","background-repeat":"repeat","background-position":"center center","background-size":"auto","background-attachment":"scroll","background-type":"","background-media":"","overlay-type":"","overlay-color":"","overlay-opacity":"","overlay-gradient":""},"tablet":{"background-color":"","background-image":"","background-repeat":"repeat","background-position":"center center","background-size":"auto","background-attachment":"scroll","background-type":"","background-media":"","overlay-type":"","overlay-color":"","overlay-opacity":"","overlay-gradient":""},"mobile":{"background-color":"","background-image":"","background-repeat":"repeat","background-position":"center center","background-size":"auto","background-attachment":"scroll","background-type":"","background-media":"","overlay-type":"","overlay-color":"","overlay-opacity":"","overlay-gradient":""}},"ast-content-background-meta":{"desktop":{"background-color":"var(--ast-global-color-5)","background-image":"","background-repeat":"repeat","background-position":"center center","background-size":"auto","background-attachment":"scroll","background-type":"","background-media":"","overlay-type":"","overlay-color":"","overlay-opacity":"","overlay-gradient":""},"tablet":{"background-color":"var(--ast-global-color-5)","background-image":"","background-repeat":"repeat","background-position":"center center","background-size":"auto","background-attachment":"scroll","background-type":"","background-media":"","overlay-type":"","overlay-color":"","overlay-opacity":"","overlay-gradient":""},"mobile":{"background-color":"var(--ast-global-color-5)","background-image":"","background-repeat":"repeat","background-position":"center center","background-size":"auto","background-attachment":"scroll","background-type":"","background-media":"","overlay-type":"","overlay-color":"","overlay-opacity":"","overlay-gradient":""}},"footnotes":""},"class_list":["post-851","page","type-page","status-publish","hentry"],"_links":{"self":[{"href":"https:\/\/www.regentte.com.br\/index.php\/wp-json\/wp\/v2\/pages\/851","targetHints":{"allow":["GET"]}}],"collection":[{"href":"https:\/\/www.regentte.com.br\/index.php\/wp-json\/wp\/v2\/pages"}],"about":[{"href":"https:\/\/www.regentte.com.br\/index.php\/wp-json\/wp\/v2\/types\/page"}],"author":[{"embeddable":true,"href":"https:\/\/www.regentte.com.br\/index.php\/wp-json\/wp\/v2\/users\/1"}],"replies":[{"embeddable":true,"href":"https:\/\/www.regentte.com.br\/index.php\/wp-json\/wp\/v2\/comments?post=851"}],"version-history":[{"count":38,"href":"https:\/\/www.regentte.com.br\/index.php\/wp-json\/wp\/v2\/pages\/851\/revisions"}],"predecessor-version":[{"id":3128,"href":"https:\/\/www.regentte.com.br\/index.php\/wp-json\/wp\/v2\/pages\/851\/revisions\/3128"}],"wp:attachment":[{"href":"https:\/\/www.regentte.com.br\/index.php\/wp-json\/wp\/v2\/media?parent=851"}],"curies":[{"name":"wp","href":"https:\/\/api.w.org\/{rel}","templated":true}]}}